{"id":3436,"date":"2017-06-01T08:59:23","date_gmt":"2017-06-01T08:59:23","guid":{"rendered":"https:\/\/gerhard-rosenberg-stiftung.de\/?page_id=3436"},"modified":"2022-03-16T12:21:52","modified_gmt":"2022-03-16T12:21:52","slug":"ueber-uns","status":"publish","type":"page","link":"https:\/\/www.gerhard-rosenberg-stiftung.de\/ueber-uns\/","title":{"rendered":"About us"},"content":{"rendered":"<p>[et_pb_section fb_built=&#8221;1&#8243; fullwidth=&#8221;on&#8221; admin_label=&#8221;Sektion&#8221; _builder_version=&#8221;3.22&#8243; global_colors_info=&#8221;{}&#8221;][et_pb_fullwidth_image src=&#8221;https:\/\/www.gerhard-rosenberg-stiftung.de\/wp-content\/uploads\/2017\/05\/Stiftung-12-e1496754249981.jpg&#8221; admin_label=&#8221;Volle Breite des Bildes&#8221; _builder_version=&#8221;4.14.8&#8243; animation_style=&#8221;slide&#8221; animation_direction=&#8221;left&#8221; animation_duration=&#8221;500ms&#8221; animation_intensity_slide=&#8221;10%&#8221; hover_enabled=&#8221;0&#8243; animation=&#8221;left&#8221; use_border_color=&#8221;off&#8221; border_color=&#8221;#ffffff&#8221; border_style=&#8221;solid&#8221; global_colors_info=&#8221;{}&#8221; title_text=&#8221;Stiftung-12&#8243; sticky_enabled=&#8221;0&#8243;][\/et_pb_fullwidth_image][\/et_pb_section][et_pb_section fb_built=&#8221;1&#8243; admin_label=&#8221;section&#8221; _builder_version=&#8221;3.22&#8243; global_colors_info=&#8221;{}&#8221;][et_pb_row admin_label=&#8221;row&#8221; _builder_version=&#8221;3.25&#8243; background_size=&#8221;initial&#8221; background_position=&#8221;top_left&#8221; background_repeat=&#8221;repeat&#8221; global_colors_info=&#8221;{}&#8221;][et_pb_column type=&#8221;4_4&#8243; _builder_version=&#8221;3.25&#8243; custom_padding=&#8221;|||&#8221; global_colors_info=&#8221;{}&#8221; custom_padding__hover=&#8221;|||&#8221;][et_pb_text admin_label=&#8221;Text&#8221; _builder_version=&#8221;3.27.4&#8243; background_size=&#8221;initial&#8221; background_position=&#8221;top_left&#8221; background_repeat=&#8221;repeat&#8221; use_border_color=&#8221;off&#8221; border_color=&#8221;#ffffff&#8221; border_style=&#8221;solid&#8221; global_colors_info=&#8221;{}&#8221;]<\/p>\n<h2>Motifs &amp; story<\/h2>\n<p>Despite all the success, the aquatherm founders Gerhard and Anne Rosenberg have never forgotten where they come from. Down-to-earthness is a character trait that both embody to this day. They have always felt an obligation to the supposedly weaker in the world and have always been willing to pass on part of what they have won in a charitable and social way.<\/p>\n<p>And so, in 2008, the idea came up to set up a non-profit foundation that would be equipped with private funds of \u20ac2 million and would make a small sustainable contribution to a better world, regardless of the success of the aquatherm company.<\/p>\n<p>Said and done! Only a few weeks passed from the idea to the registration of the foundation. The Gerhard Rosenberg Foundation has been officially approved and recognized by the district government since December 23, 2008.<\/p>\n<p>On 07.03.2017 and 08.12.2021, Gerhard Rosenberg increased the endowment fund through two additional donations of one million euros each, so that the endowment capital has now risen to a magnificent \u20ac 4 million.<\/p>\n<p>With this financial strength, we are sure that we will be able to live up to the altruistic motives and values of Gerhard and Anne Rosenberg today, tomorrow and in the future, and that we will always be able to do good in their name.<\/p>\n<p>We are very grateful for these opportunities!<\/p>\n<p>[\/et_pb_text][\/et_pb_column][\/et_pb_row][\/et_pb_section][et_pb_section bb_built=&#8221;1&#8243; admin_label=&#8221;section&#8221; fullwidth=&#8221;off&#8221; specialty=&#8221;off&#8221; transparent_background=&#8221;off&#8221; background_color=&#8221;#3fa856&#8243; allow_player_pause =&#8221;off&#8221; inner_shadow=&#8221;off&#8221; parallax=&#8221;off&#8221; parallax_method=&#8221;on&#8221; make_fullwidth=&#8221;off&#8221; use_custom_width=&#8221;off&#8221; width_unit=&#8221;on&#8221; make_equal=&#8221;off&#8221; use_custom_gutter=&#8221;off&#8221;][et_pb_row admin_label=&#8221; Row&#8221;][et_pb_column type=&#8221;4_4&#8243;][et_pb_blurb admin_label=&#8221;Information text&#8221; title=&#8221;Foundation&#8221; url_new_window=&#8221;off&#8221; use_icon=&#8221;off&#8221; icon_color=&#8221;#81d742&#8243; use_circle=&#8221;off&#8221; circle_color=&#8221;#81d742&#8243; use_circle_border=&#8221;off&#8221; circle_border_color=&#8221;#81d742&#8243; icon_placement=&#8221;top&#8221; use_icon_font_size=&#8221;off&#8221; background_layout=&#8221;light&#8221; text_orientation=&#8221;left&#8221; use_border_color=&#8221;off&#8221; border_color=&#8221;#ffffff&#8221; border_style=&#8221;solid&#8221; animation=&#8221; top&#8221; header_text_color=&#8221;#ffffff&#8221; body_text_color=&#8221;#ffffff&#8221; header_font_size=&#8221;24&#8243;]<\/p>\n<p>The special character of a foundation is that once the funds have been contributed, the so-called foundation stock, can no longer be withdrawn or used. Rather, the assets are invested as securely and with interest as possible in order to generate a regular distribution permanently &#8211; theoretically for all eternity. This is used in accordance with the purposes of the foundation.<\/p>\n<p>[\/et_pb_blurb][\/et_pb_column][\/et_pb_row][\/et_pb_section][et_pb_section bb_built=&#8221;1&#8243; admin_label=&#8221;section&#8221; fullwidth=&#8221;off&#8221; specialty=&#8221;off&#8221; transparent_background=&#8221;off&#8221; background_color=&#8221;rgba(0, 0,0,0.2)&#8221; allow_player_pause=&#8221;off&#8221; inner_shadow=&#8221;off&#8221; parallax=&#8221;off&#8221; parallax_method=&#8221;on&#8221; make_fullwidth=&#8221;off&#8221; use_custom_width=&#8221;off&#8221; width_unit=&#8221;on&#8221; make_equal=&#8221;off&#8221; use_custom_gutter=&#8221; off&#8221;][et_pb_row admin_label=&#8221;Row&#8221;][et_pb_column type=&#8221;4_4&#8243;][et_pb_text admin_label=&#8221;Text&#8221; background_layout=&#8221;dark&#8221; text_orientation=&#8221;left&#8221; use_border_color=&#8221;off&#8221; border_color=&#8221;#ffffff&#8221; border_style=&#8221; solid&#8221; text_font_size=&#8221;22&#8243; text_text_color=&#8221;#ffffff&#8221; header_text_color=&#8221;#000000&#8243; background_color=&#8221;rgba(0,0,0,0.7)&#8221; custom_padding=&#8221;10px|10px|10px|20px&#8221;]<\/p>\n<p>Organization of the foundation bodies<\/p>\n<p>[\/et_pb_text][\/et_pb_column][\/et_pb_row][et_pb_row admin_label=&#8221;row&#8221; allow_player_pause=&#8221;off&#8221; parallax=&#8221;off&#8221; parallax_method=&#8221;on&#8221; parallax_1=&#8221;off&#8221; parallax_method_1=&#8221;off&#8221; parallax_2=&#8221;off&#8221; parallax_method_2 =&#8221;off&#8221; make_fullwidth=&#8221;off&#8221; use_custom_width=&#8221;off&#8221; width_unit=&#8221;on&#8221; use_custom_gutter=&#8221;off&#8221; make_equal=&#8221;off&#8221; background_color=&#8221;rgba(63,168,86,0.69)&#8221;][et_pb_column type=&#8221;1_2&#8243;] [et_pb_blurb admin_label=&#8221;Information text&#8221; title=&#8221;Board&#8221; url_new_window=&#8221;off&#8221; use_icon=&#8221;off&#8221; icon_color=&#8221;#81d742&#8243; use_circle=&#8221;off&#8221; circle_color=&#8221;#81d742&#8243; use_circle_border=&#8221;off&#8221; circle_border_color=&#8221;#81d742&#8243; icon_placement=&#8221;top&#8221; use_icon_font_size=&#8221;off&#8221; background_layout=&#8221;light&#8221; text_orientation=&#8221;left&#8221; use_border_color=&#8221;off&#8221; border_color=&#8221;#ffffff&#8221; border_style=&#8221;solid&#8221; animation=&#8221;top&#8221; custom_padding=&#8221;|||20px&#8221; header_text_color =&#8221;#ffffff&#8221; body_text_color=&#8221;#ffffff&#8221;]<\/p>\n<p>Gerhard Rosenberg<\/p>\n<p>[\/et_pb_blurb][\/et_pb_column][et_pb_column type=&#8221;1_2&#8243;][et_pb_blurb admin_label=&#8221;Information text&#8221; title=&#8221;Tasks&#8221; url_new_window=&#8221;off&#8221; use_icon=&#8221;off&#8221; icon_color=&#8221;#81d742&#8243; use_circle=&#8221;off&#8221; circle_color =&#8221;#81d742&#8243; use_circle_border=&#8221;off&#8221; circle_border_color=&#8221;#81d742&#8243; icon_placement=&#8221;top&#8221; use_icon_font_size=&#8221;off&#8221; background_layout=&#8221;light&#8221; text_orientation=&#8221;left&#8221; use_border_color=&#8221;off&#8221; border_color=&#8221;#ffffff&#8221; border_style=&#8221;solid&#8221; animation=&#8221;top&#8221; header_text_color=&#8221; #ffffff&#8221; body_text_color=&#8221;#ffffff&#8221; custom_margin=&#8221;|||20px&#8221;]<\/p>\n<ul>\n<li>Management of the Foundation&#8217;s assets<\/li>\n<li>Preparation and implementation of the allocation of foundation funds decided by the Board of Trustees<\/li>\n<li>Reporting and accounting of the Foundation&#8217;s activities<\/li>\n<\/ul>\n<p>[\/et_pb_blurb][\/et_pb_column][\/et_pb_row][et_pb_row admin_label=&#8221;row&#8221; background_color=&#8221;rgba(0,0,0,0.5)&#8221; allow_player_pause=&#8221;off&#8221; parallax=&#8221;off&#8221; parallax_method=&#8221;on&#8221; parallax_1= &#8220;off&#8221; parallax_method_1=&#8221;off&#8221; parallax_2=&#8221;off&#8221; parallax_method_2=&#8221;off&#8221; make_fullwidth=&#8221;off&#8221; use_custom_width=&#8221;off&#8221; width_unit=&#8221;on&#8221; use_custom_gutter=&#8221;off&#8221; make_equal=&#8221;off&#8221;][et_pb_column type=&#8221;1_2 &#8220;][et_pb_blurb admin_label=&#8221;Information text&#8221; title=&#8221;Board of Trustees&#8221; url_new_window=&#8221;off&#8221; use_icon=&#8221;off&#8221; icon_color=&#8221;#81d742&#8243; use_circle=&#8221;off&#8221; circle_color=&#8221;#81d742&#8243; use_circle_border=&#8221;off&#8221; circle_border_color=&#8221;# 81d742&#8243; icon_placement=&#8221;top&#8221; use_icon_font_size=&#8221;off&#8221; background_layout=&#8221;dark&#8221; text_orientation=&#8221;left&#8221; use_border_color=&#8221;off&#8221; border_color=&#8221;#ffffff&#8221; border_style=&#8221;solid&#8221; animation=&#8221;top&#8221; custom_padding=&#8221;|||20px &#8221; header_text_color=&#8221;#ffffff&#8221; body_text_color=&#8221;#ffffff&#8221;]<\/p>\n<p>Elke Rosenberg<br \/>\nMarion Bilsing<br \/>\nDirk Rosenberg<br \/>\nMike Rosenberg<br \/>\nChristopher Rosenberg<\/p>\n<p>[\/et_pb_blurb][\/et_pb_column][et_pb_column type=&#8221;1_2&#8243;][et_pb_blurb admin_label=&#8221;Information text&#8221; title=&#8221;Tasks&#8221; url_new_window=&#8221;off&#8221; use_icon=&#8221;off&#8221; icon_color=&#8221;#81d742&#8243; use_circle=&#8221;off&#8221; circle_color =&#8221;#81d742&#8243; use_circle_border=&#8221;off&#8221; circle_border_color=&#8221;#81d742&#8243; icon_placement=&#8221;top&#8221; use_icon_font_size=&#8221;off&#8221; background_layout=&#8221;dark&#8221; text_orientation=&#8221;left&#8221; use_border_color=&#8221;off&#8221; border_color=&#8221;#ffffff&#8221; border_style=&#8221; solid&#8221; animation=&#8221;top&#8221; header_text_color=&#8221;#ffffff&#8221; body_text_color=&#8221;#ffffff&#8221; custom_margin=&#8221;|||20px&#8221;]<\/p>\n<ul>\n<li>Resolution on the allocation of funds<\/li>\n<li>Supervision of the activities of the Board of Directors<\/li>\n<li>Discharge of the Management Board<\/li>\n<li>Approval of the annual business plan to be drawn up by the board<\/li>\n<li>Approval of the annual accounts<\/li>\n<\/ul>\n<p>[\/et_pb_blurb][\/et_pb_column][\/et_pb_row][\/et_pb_section]<\/p>\n","protected":false},"excerpt":{"rendered":"<p>Motive &amp; Geschichte Bei allem Erfolg haben die aquatherm Gr\u00fcnder Gerhard und Anne Rosenberg nie vergessen, woher sie selber kommen. Bodenst\u00e4ndigkeit ist eine Charaktereigenschaft, die beide bis heute verk\u00f6rpern. Sie f\u00fchlten sich schon immer den vermeintlich Schw\u00e4cheren in der Welt verpflichtet und waren auch immer bereit, einen Teil des Gewonnen gemeinn\u00fctzig und sozial weiter zu [&hellip;]<\/p>\n","protected":false},"author":1,"featured_media":0,"parent":0,"menu_order":0,"comment_status":"closed","ping_status":"closed","template":"","meta":{"_et_pb_use_builder":"on","_et_pb_old_content":"","_et_gb_content_width":""},"_links":{"self":[{"href":"https:\/\/www.gerhard-rosenberg-stiftung.de\/wp-json\/wp\/v2\/pages\/3436"}],"collection":[{"href":"https:\/\/www.gerhard-rosenberg-stiftung.de\/wp-json\/wp\/v2\/pages"}],"about":[{"href":"https:\/\/www.gerhard-rosenberg-stiftung.de\/wp-json\/wp\/v2\/types\/page"}],"author":[{"embeddable":true,"href":"https:\/\/www.gerhard-rosenberg-stiftung.de\/wp-json\/wp\/v2\/users\/1"}],"replies":[{"embeddable":true,"href":"https:\/\/www.gerhard-rosenberg-stiftung.de\/wp-json\/wp\/v2\/comments?post=3436"}],"version-history":[{"count":75,"href":"https:\/\/www.gerhard-rosenberg-stiftung.de\/wp-json\/wp\/v2\/pages\/3436\/revisions"}],"predecessor-version":[{"id":3746,"href":"https:\/\/www.gerhard-rosenberg-stiftung.de\/wp-json\/wp\/v2\/pages\/3436\/revisions\/3746"}],"wp:attachment":[{"href":"https:\/\/www.gerhard-rosenberg-stiftung.de\/wp-json\/wp\/v2\/media?parent=3436"}],"curies":[{"name":"wp","href":"https:\/\/api.w.org\/{rel}","templated":true}]}}