{"id":3623,"date":"2017-08-07T14:48:16","date_gmt":"2017-08-07T14:48:16","guid":{"rendered":"https:\/\/gerhard-rosenberg-stiftung.de\/?page_id=3623"},"modified":"2019-11-08T08:09:53","modified_gmt":"2019-11-08T08:09:53","slug":"impressum","status":"publish","type":"page","link":"https:\/\/www.gerhard-rosenberg-stiftung.de\/impressum\/","title":{"rendered":"Imprint"},"content":{"rendered":"<p>[et_pb_section fb_built=&#8221;1&#8243; admin_label=&#8221;section&#8221; _builder_version=&#8221;3.22&#8243;][et_pb_row admin_label=&#8221;row&#8221; _builder_version=&#8221;3.25&#8243; background_size=&#8221;initial&#8221; background_position=&#8221;top_left&#8221; background_repeat=&#8221;repeat&#8221;][et_pb_column type= &#8220;4_4&#8243; _builder_version=&#8221;3.25&#8243; custom_padding=&#8221;|||&#8221; custom_padding__hover=&#8221;|||&#8221;][et_pb_text admin_label=&#8221;Text&#8221; _builder_version=&#8221;3.27.4&#8243; background_size=&#8221;initial&#8221; background_position=&#8221;top_left&#8221; background_repeat=&#8221;repeat&#8221;]<\/p>\n<p><strong>Imprint<\/strong>< br \/> Information according to \u00a7 5 TMG:<br \/> Gerhard Rosenberg Foundation<br \/> Biggen 5<br \/> 57439 Attendorn<\/p>\n<p>&nbsp;<\/p>\n<p><strong>Represented by:<\/strong><br \/> Gerhard Rosenberg<\/p>\n<p>&nbsp;<\/p>\n<p><strong>Contact:<\/strong><br \/> Telephone: 02722 950-0<br \/> Email: GR-Stiftung@aquatherm.de<\/p>\n<p>&nbsp;<\/p>\n<p><strong>Supervisory authority:<\/strong><br \/> Arnsberg district government<br \/> We are not willing or obliged to participate in dispute settlement procedures before a <br \/> consumer arbitration board.<\/p>\n<p>&nbsp;<\/p>\n<p><strong>Liability for content<\/strong><br \/> As a service provider, we are responsible for our own content on these pages in accordance with general law in accordance with Section 7 (1) TMG. According to \u00a7\u00a7 8 to 10 TMG, however, we as a service provider are not obliged to monitor transmitted or stored third-party information or to investigate circumstances that indicate illegal activity. Obligations to remove or block the use of information according to general laws remain unaffected. However, liability in this regard is only possible from the point in time at which knowledge of a specific infringement of the law is known. As soon as we become aware of any violations of the law, we will remove this content immediately.<\/p>\n<p>&nbsp;<\/p>\n<p><strong>Liability for links<\/strong><br \/> Our offer contains links to external websites over which we have no influence. Therefore we cannot assume any liability for this external content. The respective provider or operator of the pages is always responsible for the content of the linked pages. The linked pages were checked for possible legal violations at the time of linking. Illegal content was not recognizable at the time of linking.<br \/> However, a permanent control of the content of the linked pages is not reasonable without concrete indications of an infringement. As soon as we become aware of legal violations, we will remove such links immediately.<\/p>\n<p>&nbsp;<\/p>\n<p><strong>Copyright<\/strong><br \/> The content and works on these pages created by the site operator are subject to German copyright law. The duplication, editing, distribution and any kind of exploitation outside the limits of copyright require the written consent of the respective author or creator. Downloads and copies of this site are only permitted for private, non-commercial use.<br \/> Insofar as the content on this site was not created by the operator, the copyrights of third parties are observed. In particular contents of third parties are marked as such. Should you nevertheless become aware of a copyright infringement, we ask that you inform us accordingly. As soon as we become aware of legal violations, we will remove such content immediately.<\/p>\n<p>&nbsp;<\/p>\n<p>[\/et_pb_text][\/et_pb_column][\/et_pb_row][\/et_pb_section]<\/p>\n","protected":false},"excerpt":{"rendered":"<p>Impressum Angaben gem\u00e4\u00df \u00a7 5 TMG: Gerhard Rosenberg Stiftung Biggen 5 57439 Attendorn &nbsp; Vertreten durch: Gerhard Rosenberg &nbsp; Kontakt: Telefon: 02722 950-0 E-Mail: GR-Stiftung@aquatherm.de &nbsp; Aufsichtsbeh\u00f6rde: Bezirksregierung Arnsberg Wir sind nicht bereit oder verpflichtet, an Streitbeilegungsverfahren vor einer Verbraucherschlichtungsstelle teilzunehmen. &nbsp; Haftung f\u00fcr Inhalte Als Diensteanbieter sind wir gem\u00e4\u00df \u00a7 7 Abs.1 TMG fu\u0308r [&hellip;]<\/p>\n","protected":false},"author":1,"featured_media":0,"parent":0,"menu_order":0,"comment_status":"closed","ping_status":"closed","template":"","meta":{"_et_pb_use_builder":"on","_et_pb_old_content":"<strong>Impressum<\/strong>\r\nAngaben gem\u00e4\u00df \u00a7 5 TMG:\r\nGerhard Rosenberg Stiftung\r\nBiggen 5\r\n57439 Attendorn\r\n<strong>Vertreten durch:<\/strong>\r\nGerhard Rosenberg\r\n<strong>Kontakt:<\/strong>\r\nTelefon: 02722 950-0\r\nE-Mail: GR-Stiftung@aquatherm.de\r\n<strong>Aufsichtsbeh\u00f6rde:<\/strong>\r\nBezirksregierung Arnsberg\r\nWir sind nicht bereit oder verpflichtet, an Streitbeilegungsverfahren vor einer\r\nVerbraucherschlichtungsstelle teilzunehmen.\r\n<strong>Haftung fu\u0308r Inhalte<\/strong>\r\nAls Diensteanbieter sind wir gem\u00e4\u00df \u00a7 7 Abs.1 TMG fu\u0308r eigene Inhalte auf diesen Seiten nach den allgemeinen Gesetzen verantwortlich. Nach \u00a7\u00a7 8 bis 10 TMG sind wir als Diensteanbieter jedoch nicht verpflichtet, u\u0308bermittelte oder gespeicherte fremde Informationen zu u\u0308berwachen oder nach Umst\u00e4nden zu forschen, die auf eine rechtswidrige T\u00e4tigkeit hinweisen. Verpflichtungen zur Entfernung oder Sperrung der Nutzung von Informationen nach den allgemeinen Gesetzen bleiben hiervon unberu\u0308hrt. Eine diesbezu\u0308gliche Haftung ist jedoch erst ab dem Zeitpunkt der Kenntnis einer konkreten Rechtsverletzung m\u00f6glich. Bei Bekanntwerden von entsprechenden Rechtsverletzungen werden wir diese Inhalte umgehend entfernen.\r\n<strong>Haftung fu\u0308r Links<\/strong>\r\nUnser Angebot enth\u00e4lt Links zu externen Webseiten Dritter, auf deren Inhalte wir keinen Einfluss haben. Deshalb k\u00f6nnen wir fu\u0308r diese fremden Inhalte auch keine Gew\u00e4hr u\u0308bernehmen. Fu\u0308r die Inhalte der verlinkten Seiten ist stets der jeweilige Anbieter oder Betreiber der Seiten verantwortlich. Die verlinkten Seiten wurden zum Zeitpunkt der Verlinkung auf m\u00f6gliche Rechtsverst\u00f6\u00dfe u\u0308berpru\u0308ft. Rechtswidrige Inhalte waren zum Zeitpunkt der Verlinkung nicht erkennbar.\r\nEine permanente inhaltliche Kontrolle der verlinkten Seiten ist jedoch ohne konkrete Anhaltspunkte einer Rechtsverletzung nicht zumutbar. Bei Bekanntwerden von Rechtsverletzungen werden wir derartige Links umgehend entfernen.\r\n<strong>Urheberrecht<\/strong>\r\nDie durch die Seitenbetreiber erstellten Inhalte und Werke auf diesen Seiten unterliegen dem deutschen Urheberrecht. Die Vervielf\u00e4ltigung, Bearbeitung, Verbreitung und jede Art der Verwertung au\u00dferhalb der Grenzen des Urheberrechtes bedu\u0308rfen der schriftlichen Zustimmung des jeweiligen Autors bzw. Erstellers. Downloads und Kopien dieser Seite sind nur fu\u0308r den privaten, nicht kommerziellen Gebrauch gestattet.\r\nSoweit die Inhalte auf dieser Seite nicht vom Betreiber erstellt wurden, werden die Urheberrechte Dritter beachtet. Insbesondere werden Inhalte Dritter als solche gekennzeichnet. Sollten Sie trotzdem auf eine Urheberrechtsverletzung aufmerksam werden, bitten wir um einen entsprechenden Hinweis. Bei Bekanntwerden von Rechtsverletzungen werden wir derartige Inhalte umgehend entfernen.","_et_gb_content_width":""},"_links":{"self":[{"href":"https:\/\/www.gerhard-rosenberg-stiftung.de\/wp-json\/wp\/v2\/pages\/3623"}],"collection":[{"href":"https:\/\/www.gerhard-rosenberg-stiftung.de\/wp-json\/wp\/v2\/pages"}],"about":[{"href":"https:\/\/www.gerhard-rosenberg-stiftung.de\/wp-json\/wp\/v2\/types\/page"}],"author":[{"embeddable":true,"href":"https:\/\/www.gerhard-rosenberg-stiftung.de\/wp-json\/wp\/v2\/users\/1"}],"replies":[{"embeddable":true,"href":"https:\/\/www.gerhard-rosenberg-stiftung.de\/wp-json\/wp\/v2\/comments?post=3623"}],"version-history":[{"count":5,"href":"https:\/\/www.gerhard-rosenberg-stiftung.de\/wp-json\/wp\/v2\/pages\/3623\/revisions"}],"predecessor-version":[{"id":3709,"href":"https:\/\/www.gerhard-rosenberg-stiftung.de\/wp-json\/wp\/v2\/pages\/3623\/revisions\/3709"}],"wp:attachment":[{"href":"https:\/\/www.gerhard-rosenberg-stiftung.de\/wp-json\/wp\/v2\/media?parent=3623"}],"curies":[{"name":"wp","href":"https:\/\/api.w.org\/{rel}","templated":true}]}}